{"id":1695,"date":"2021-05-30T14:08:16","date_gmt":"2021-05-30T13:08:16","guid":{"rendered":"https:\/\/gp-inbound.wordifysites.com\/?page_id=2"},"modified":"2025-04-08T16:08:03","modified_gmt":"2025-04-08T14:08:03","slug":"home","status":"publish","type":"page","link":"https:\/\/www.golfbutler.ch\/en\/","title":{"rendered":"Home"},"content":{"rendered":"<section class=\"gb-container gb-container-b2e01b99\">\n<div class=\"gb-container gb-container-bd960c98\">\n<div class=\"gb-container gb-container-c2af3289\">\n\n<h1 class=\"gb-headline gb-headline-32928601 gb-headline-text\">SWING in STYLE<\/h1>\n\n\n\n<p class=\"gb-headline gb-headline-47abe1a9 gb-headline-text\"><strong>Your journey to the best golf courses in the world starts here.<\/strong><\/p>\n\n<\/div>\n<\/div>\n<\/section>\n\n<section class=\"gb-container gb-container-e4cc5e2c\">\n<div class=\"gb-container gb-container-d4a11448\">\n\n<h2 class=\"gb-headline gb-headline-c10d1bd9 gb-headline-text\">We organize... you enjoy! <\/h2>\n\n\n\n<p>Have you always wanted to play on the legendary Old Course St. Andrews in Scotland or do you dream of the world's largest golf resort Mission Hills in Shenzhen? Are you drawn to Spain's sunny Costa del Sol or an unforgettable golf and culture trip to Vietnam? The diverse South Africa could also be your next destination...<\/p>\n\n\n\n<p>Whether you are looking for an adventurous trip to famous golf courses and exotic cultures or simply want the perfect mix of play and relaxation - let us design your tailor-made golf trip together.<\/p>\n\n\n\n<p>Whether you are a golf pro or taking your first steps on the green, traveling as a group or individually: sit back while we take care of the planning and look forward to your well-deserved time out.<\/p>\n\n\n\n<p><strong>Your golf vacation starts here!<\/strong><\/p>\n\n\n\n<h2 class=\"gb-headline gb-headline-1defedea gb-headline-text\">Get inspired...<\/h2>\n\n\n<div class=\"gb-grid-wrapper gb-grid-wrapper-c5df5174\">\n<div class=\"gb-grid-column gb-grid-column-0a7dfa78\"><div class=\"gb-container gb-container-0a7dfa78\">\n<div class=\"wp-block-image\">\n<figure class=\"aligncenter size-full\"><a href=\"https:\/\/www.golfbutler.ch\/en\/europe\/golf-travel-sweden\/\"><img decoding=\"async\" width=\"287\" height=\"191\" src=\"https:\/\/www.golfbutler.ch\/wp-content\/uploads\/2024\/11\/golf-reisen-schweden-287x191-527.webp\" alt=\"\" class=\"wp-image-7383\"\/><\/a><figcaption class=\"wp-element-caption\"><a href=\"https:\/\/www.golfbutler.ch\/en\/europe\/golf-travel-sweden\/\"><strong><mark style=\"background-color:rgba(0, 0, 0, 0)\" class=\"has-inline-color has-contrast-color\">Sweden<\/mark><\/strong><\/a><\/figcaption><\/figure>\n<\/div>\n<\/div><\/div>\n\n<div class=\"gb-grid-column gb-grid-column-f1fb9db3\"><div class=\"gb-container gb-container-f1fb9db3\"><a class=\"gb-container-link\" href=\"https:\/\/www.golfbutler.ch\/en\/world\/golf-trips-vietnam\/\"><\/a>\n<div class=\"wp-block-image\">\n<figure class=\"aligncenter size-full\"><a href=\"https:\/\/www.golfbutler.ch\/en\/world\/golf-trips-vietnam\/\"><img decoding=\"async\" width=\"287\" height=\"191\" src=\"https:\/\/www.golfbutler.ch\/wp-content\/uploads\/2024\/05\/VIETNAM-287x191-1.jpg\" alt=\"golf travel vietnam golf vacations vietnam golf vietnam golf courses vietnam\" class=\"wp-image-3755\"\/><\/a><figcaption class=\"wp-element-caption\"><strong><mark style=\"background-color:rgba(0, 0, 0, 0)\" class=\"has-inline-color has-contrast-2-color\"><a href=\"https:\/\/www.golfbutler.ch\/en\/world\/golf-trips-vietnam\/\">Vietnam<\/a><\/mark><\/strong><\/figcaption><\/figure>\n<\/div>\n<\/div><\/div>\n\n<div class=\"gb-grid-column gb-grid-column-dd05d3bd\"><div class=\"gb-container gb-container-dd05d3bd\">\n<div class=\"wp-block-image\">\n<figure class=\"aligncenter size-full\"><a href=\"https:\/\/www.golfbutler.ch\/en\/world\/golf-trips-morocco\/\" rel=\"https:\/\/www.golfbutler.ch\/world\/golfreisen-marokko\/\"><img decoding=\"async\" width=\"287\" height=\"191\" src=\"https:\/\/www.golfbutler.ch\/wp-content\/uploads\/2024\/05\/MAROKKO-287x191-1.jpg\" alt=\"golf trip morocco golf morocco golf hotels morocco golf vacations morocco golf vacations marrakech golf marrakech golf hotels marrakech\" class=\"wp-image-3753\"\/><\/a><figcaption class=\"wp-element-caption\"><strong><mark style=\"background-color:rgba(0, 0, 0, 0)\" class=\"has-inline-color has-contrast-2-color\"><a href=\"https:\/\/www.golfbutler.ch\/en\/world\/golf-trips-morocco\/\" data-type=\"link\" data-id=\"https:\/\/www.golfbutler.ch\/world\/marokko\/\">Morocco<\/a><\/mark><\/strong><\/figcaption><\/figure>\n<\/div>\n<\/div><\/div>\n\n<div class=\"gb-grid-column gb-grid-column-dda3a69f\"><div class=\"gb-container gb-container-dda3a69f\">\n<div class=\"wp-block-image\">\n<figure class=\"aligncenter size-full\"><a href=\"https:\/\/www.golfbutler.ch\/en\/world\/mauritius\/\"><img decoding=\"async\" width=\"287\" height=\"191\" src=\"https:\/\/www.golfbutler.ch\/wp-content\/uploads\/2024\/05\/MAURITIUS-287x191-1.jpg\" alt=\"golf travel mauritius golf vacation mauritius golf mauritius golf courses mauritius golf hotels mauritius golf travel deals mauritius golf travel mauritius booking\" class=\"wp-image-3749\"\/><\/a><figcaption class=\"wp-element-caption\"><strong><mark style=\"background-color:rgba(0, 0, 0, 0)\" class=\"has-inline-color has-contrast-color\"><a href=\"https:\/\/www.golfbutler.ch\/en\/world\/golf-holidays-mauritius\/\" data-type=\"page\" data-id=\"4369\">Mauritius<\/a><\/mark><\/strong><\/figcaption><\/figure>\n<\/div>\n<\/div><\/div>\n\n<div class=\"gb-grid-column gb-grid-column-7e9e6d14\"><div class=\"gb-container gb-container-7e9e6d14\">\n<div class=\"wp-block-image\">\n<figure class=\"aligncenter size-full\"><a href=\"https:\/\/www.golfbutler.ch\/en\/europe\/golf-travel-portugal\/\"><img decoding=\"async\" width=\"287\" height=\"191\" src=\"https:\/\/www.golfbutler.ch\/wp-content\/uploads\/2024\/07\/portugal-000-1.jpg\" alt=\"\" class=\"wp-image-4794\"\/><\/a><figcaption class=\"wp-element-caption\"><strong><mark style=\"background-color:rgba(0, 0, 0, 0)\" class=\"has-inline-color has-contrast-2-color\"><a href=\"https:\/\/www.golfbutler.ch\/en\/europe\/golf-travel-portugal\/\" data-type=\"link\" data-id=\"https:\/\/www.golfbutler.ch\/europa\/portugal\/\">Portugal<\/a><\/mark><\/strong><\/figcaption><\/figure>\n<\/div>\n<\/div><\/div>\n\n<div class=\"gb-grid-column gb-grid-column-ace73313\"><div class=\"gb-container gb-container-ace73313\">\n<div class=\"wp-block-image\">\n<figure class=\"aligncenter size-full\"><a href=\"https:\/\/www.golfbutler.ch\/en\/europe\/golf-travel-spain\/\"><img decoding=\"async\" width=\"287\" height=\"191\" src=\"https:\/\/www.golfbutler.ch\/wp-content\/uploads\/2024\/09\/spanien-golf-ferien-287x191-444.jpg\" alt=\"\" class=\"wp-image-6699\"\/><\/a><figcaption class=\"wp-element-caption\"><strong><mark style=\"background-color:rgba(0, 0, 0, 0)\" class=\"has-inline-color has-contrast-2-color\"><a href=\"https:\/\/www.golfbutler.ch\/en\/europe\/golf-travel-spain\/\">Spain<\/a><\/mark><\/strong><\/figcaption><\/figure>\n<\/div>\n<\/div><\/div>\n\n<div class=\"gb-grid-column gb-grid-column-0a470b73\"><div class=\"gb-container gb-container-0a470b73\">\n<div class=\"wp-block-image\">\n<figure class=\"aligncenter size-full\"><a href=\"https:\/\/www.golfbutler.ch\/en\/europe\/golf-travel-greece\/\"><img decoding=\"async\" width=\"287\" height=\"191\" src=\"https:\/\/www.golfbutler.ch\/wp-content\/uploads\/2024\/06\/GRIECHENLAND_ZYPERN_datingscout-3SdITUfm85M-unsplash-2.jpg\" alt=\"\" class=\"wp-image-3876\"\/><\/a><figcaption class=\"wp-element-caption\"><mark style=\"background-color:rgba(0, 0, 0, 0)\" class=\"has-inline-color has-contrast-color\"><strong><a href=\"https:\/\/www.golfbutler.ch\/en\/europe\/golf-travel-greece\/\" data-type=\"page\" data-id=\"4089\">Greece<\/a><\/strong><\/mark><\/figcaption><\/figure>\n<\/div>\n<\/div><\/div>\n\n<div class=\"gb-grid-column gb-grid-column-56bec59f\"><div class=\"gb-container gb-container-56bec59f\">\n<div class=\"wp-block-image\">\n<figure class=\"aligncenter size-full\"><a href=\"https:\/\/www.golfbutler.ch\/en\/europe\/ireland\/\"><img decoding=\"async\" width=\"287\" height=\"191\" src=\"https:\/\/www.golfbutler.ch\/wp-content\/uploads\/2024\/05\/IRLAND-287x191-1.jpg\" alt=\"\" class=\"wp-image-3750\"\/><\/a><figcaption class=\"wp-element-caption\"><strong><mark style=\"background-color:rgba(0, 0, 0, 0)\" class=\"has-inline-color has-contrast-2-color\"><a href=\"https:\/\/www.golfbutler.ch\/en\/europe\/ireland\/\" data-type=\"page\" data-id=\"4087\">Ireland<\/a><\/mark><\/strong><\/figcaption><\/figure>\n<\/div>\n<\/div><\/div>\n\n<div class=\"gb-grid-column gb-grid-column-6a49245c\"><div class=\"gb-container gb-container-6a49245c\">\n<div class=\"wp-block-image\">\n<figure class=\"aligncenter size-full\"><a href=\"https:\/\/www.golfbutler.ch\/en\/world\/golf-trips-china\/\"><img decoding=\"async\" width=\"287\" height=\"191\" src=\"https:\/\/www.golfbutler.ch\/wp-content\/uploads\/2024\/07\/CHINA-golf-ferien-287x191-1.jpg\" alt=\"\" class=\"wp-image-4798\"\/><\/a><figcaption class=\"wp-element-caption\"><strong><mark style=\"background-color:rgba(0, 0, 0, 0)\" class=\"has-inline-color has-contrast-2-color\"><a href=\"https:\/\/www.golfbutler.ch\/en\/world\/golf-trips-china\/\" data-type=\"link\" data-id=\"https:\/\/www.golfbutler.ch\/world\/china\/\">China<\/a><\/mark><\/strong><\/figcaption><\/figure>\n<\/div>\n<\/div><\/div>\n\n<div class=\"gb-grid-column gb-grid-column-6f730ca9\"><div class=\"gb-container gb-container-6f730ca9\">\n<div class=\"wp-block-image\">\n<figure class=\"aligncenter size-full\"><a href=\"https:\/\/www.golfbutler.ch\/en\/world\/golfreisen-dubai-abu+dhabi-emiraten\/\"><img decoding=\"async\" width=\"287\" height=\"191\" src=\"https:\/\/www.golfbutler.ch\/wp-content\/uploads\/2024\/05\/DUBAI-287x191-1.jpg\" alt=\"\" class=\"wp-image-3744\"\/><\/a><figcaption class=\"wp-element-caption\"><strong><mark style=\"background-color:rgba(0, 0, 0, 0)\" class=\"has-inline-color has-contrast-2-color\"><a href=\"https:\/\/www.golfbutler.ch\/en\/world\/golfreisen-dubai-abu+dhabi-emiraten\/\" data-type=\"link\" data-id=\"https:\/\/www.golfbutler.ch\/world\/emiraten\/\">Dubai<\/a><\/mark><\/strong><\/figcaption><\/figure>\n<\/div>\n<\/div><\/div>\n\n<div class=\"gb-grid-column gb-grid-column-92934f14\"><div class=\"gb-container gb-container-92934f14\">\n<div class=\"wp-block-image\">\n<figure class=\"aligncenter size-full\"><a href=\"https:\/\/www.golfbutler.ch\/en\/world\/golf-trips-colombia\/\" rel=\"https:\/\/www.golfbutler.ch\/world\/golfreisen-kolumbien\/\"><img decoding=\"async\" width=\"287\" height=\"191\" src=\"https:\/\/www.golfbutler.ch\/wp-content\/uploads\/2024\/07\/KOLUMBIEN-golf-ferien-287x191-1.jpg\" alt=\"\" class=\"wp-image-4803\"\/><\/a><figcaption class=\"wp-element-caption\"><strong><mark style=\"background-color:rgba(0, 0, 0, 0)\" class=\"has-inline-color has-contrast-2-color\"><a href=\"https:\/\/www.golfbutler.ch\/en\/world\/golf-trips-colombia\/\">Colombia<\/a><\/mark><\/strong><\/figcaption><\/figure>\n<\/div>\n<\/div><\/div>\n\n<div class=\"gb-grid-column gb-grid-column-7a714409\"><div class=\"gb-container gb-container-7a714409\">\n<div class=\"wp-block-image\">\n<figure class=\"aligncenter size-full\"><a href=\"https:\/\/www.golfbutler.ch\/en\/world\/golf-holidays-new-zealand\/\"><img decoding=\"async\" width=\"287\" height=\"191\" src=\"https:\/\/www.golfbutler.ch\/wp-content\/uploads\/2024\/07\/NEUSEELAND-golf-ferien-287x191-1.jpg\" alt=\"Golf Travel New Zealand-Golf New Zealand-Golf Courses New Zealand\" class=\"wp-image-4806\"\/><\/a><figcaption class=\"wp-element-caption\"><strong><mark style=\"background-color:rgba(0, 0, 0, 0)\" class=\"has-inline-color has-contrast-2-color\"><a href=\"https:\/\/www.golfbutler.ch\/en\/world\/golf-holidays-new-zealand\/\">New Zealand<\/a><\/mark><\/strong><\/figcaption><\/figure>\n<\/div>\n<\/div><\/div>\n<\/div>\n\n\n<p>Here is just a small selection of top destinations for golf trips to serve as inspiration. Discover in our two subcategories<a href=\"https:\/\/www.golfbutler.ch\/en\/europe\/\"> <\/a><strong><a href=\"https:\/\/www.golfbutler.ch\/en\/europe\/\">EUROPE<\/a><\/strong> and <strong><a href=\"https:\/\/www.golfbutler.ch\/en\/world\/\">WORLD<\/a><\/strong> In addition to unmissable countries, there are also many unexpected destinations with great golf courses waiting for you. <strong>Golf in Italy<\/strong>a <strong>Golf trip to Finland<\/strong>, <strong>Midnight golf in Denmark<\/strong> or legendary <strong>Golf courses in England<\/strong>; <strong>Golf trips to Malaysia<\/strong>, <strong>Golfing in the Dominican Republic<\/strong>the Indian summer during a <strong>Golf trip through Canada<\/strong> or discover the golf courses of Egypt and much more awaits you... don't wait any longer to find your happiness!<\/p>\n\n\n<div class=\"gb-container gb-container-fced5844\">\n\n<a class=\"gb-button gb-button-0c8b2ca9\" href=\"https:\/\/www.golfbutler.ch\/en\/europe\/\"><span class=\"gb-icon\"><svg aria-hidden=\"true\" role=\"img\" height=\"1em\" width=\"1em\" viewbox=\"0 0 256 512\" xmlns=\"http:\/\/www.w3.org\/2000\/svg\"><path fill=\"currentColor\" d=\"M224.3 273l-136 136c-9.4 9.4-24.6 9.4-33.9 0l-22.6-22.6c-9.4-9.4-9.4-24.6 0-33.9l96.4-96.4-96.4-96.4c-9.4-9.4-9.4-24.6 0-33.9L54.3 103c9.4-9.4 24.6-9.4 33.9 0l136 136c9.5 9.4 9.5 24.6.1 34z\"><\/path><\/svg><\/span><span class=\"gb-button-text\">EUROPE<\/span><\/a>\n\n\n\n<a class=\"gb-button gb-button-90ee2cc2\" href=\"https:\/\/www.golfbutler.ch\/en\/world\/\"><span class=\"gb-icon\"><svg aria-hidden=\"true\" role=\"img\" height=\"1em\" width=\"1em\" viewbox=\"0 0 256 512\" xmlns=\"http:\/\/www.w3.org\/2000\/svg\"><path fill=\"currentColor\" d=\"M224.3 273l-136 136c-9.4 9.4-24.6 9.4-33.9 0l-22.6-22.6c-9.4-9.4-9.4-24.6 0-33.9l96.4-96.4-96.4-96.4c-9.4-9.4-9.4-24.6 0-33.9L54.3 103c9.4-9.4 24.6-9.4 33.9 0l136 136c9.5 9.4 9.5 24.6.1 34z\"><\/path><\/svg><\/span><span class=\"gb-button-text\">WORLD<\/span><\/a>\n\n<\/div>\n<\/div>\n<\/section>\n\n<section class=\"gb-container gb-container-771c2c9e alignfull\">\n<div class=\"gb-container gb-container-ced89cfc\">\n<div class=\"gb-container gb-container-49e56edb\">\n\n<figure class=\"gb-block-image gb-block-image-ad6d2ba8\"><img decoding=\"async\" width=\"488\" height=\"310\" class=\"gb-image gb-image-ad6d2ba8\" src=\"https:\/\/www.golfbutler.ch\/wp-content\/uploads\/2024\/05\/Visitenkarte_GB_SB-1_page-0001-e1716990575682.jpg\" alt=\"\" title=\"Visitenkarte_GB_SB-1_page-0001\" srcset=\"https:\/\/www.golfbutler.ch\/wp-content\/uploads\/2024\/05\/Visitenkarte_GB_SB-1_page-0001-e1716990575682.jpg 488w, https:\/\/www.golfbutler.ch\/wp-content\/uploads\/2024\/05\/Visitenkarte_GB_SB-1_page-0001-e1716990575682-300x191.jpg 300w\" sizes=\"(max-width: 488px) 100vw, 488px\" \/><\/figure>\n\n<\/div>\n\n<div class=\"gb-container gb-container-dfac1555\">\n\n<h3 class=\"gb-headline gb-headline-608020c5 gb-headline-text\">The Golf Butler, your tailor-made golf vacation <\/h3>\n\n\n\n<a class=\"gb-button gb-button-66ec2dba\" href=\"#\"><span class=\"gb-icon\"><svg aria-hidden=\"true\" role=\"img\" height=\"1em\" width=\"1em\" viewbox=\"0 0 256 512\" xmlns=\"http:\/\/www.w3.org\/2000\/svg\"><path fill=\"currentColor\" d=\"M224.3 273l-136 136c-9.4 9.4-24.6 9.4-33.9 0l-22.6-22.6c-9.4-9.4-9.4-24.6 0-33.9l96.4-96.4-96.4-96.4c-9.4-9.4-9.4-24.6 0-33.9L54.3 103c9.4-9.4 24.6-9.4 33.9 0l136 136c9.5 9.4 9.5 24.6.1 34z\"><\/path><\/svg><\/span><span class=\"gb-button-text\">contact us<\/span><\/a>\n\n<\/div>\n<\/div>\n<\/section>\n\n<section class=\"gb-container gb-container-771c2c9e alignfull\">\n<div class=\"gb-container gb-container-ced89cfc\">\n<div class=\"gb-container gb-container-dfac1555\">\n\n<div class=\"wp-block-columns is-layout-flex wp-container-core-columns-is-layout-9d6595d7 wp-block-columns-is-layout-flex\">\n<div class=\"wp-block-column is-layout-flow wp-block-column-is-layout-flow\">\n<div class=\"wp-block-columns is-layout-flex wp-container-core-columns-is-layout-9d6595d7 wp-block-columns-is-layout-flex\">\n<div class=\"wp-block-column is-layout-flow wp-block-column-is-layout-flow\">\n<p style=\"font-size:11px\"><a href=\"https:\/\/www.golfbutler.ch\/en\/europe\/golf-travel-bulgaria\/\" target=\"_blank\" rel=\"noreferrer noopener\">Golf trips Bulgaria<\/a><br><a href=\"https:\/\/www.golfbutler.ch\/en\/europe\/golf-travel-denmark\/\" target=\"_blank\" rel=\"noreferrer noopener\">Golf trips Denmark<\/a><br><a href=\"https:\/\/www.golfbutler.ch\/en\/europe\/golf-travel-germany\/\" target=\"_blank\" rel=\"noreferrer noopener\">Golf trips Germany<\/a><br><a href=\"https:\/\/www.golfbutler.ch\/en\/europe\/golf-travel-england\/\" target=\"_blank\" rel=\"noreferrer noopener\">Golf trips England<\/a><br><a href=\"https:\/\/www.golfbutler.ch\/en\/europe\/golf-travel-finland\/\" target=\"_blank\" rel=\"noreferrer noopener\">Golf trips Finland<\/a><br><a href=\"https:\/\/www.golfbutler.ch\/en\/europe\/golf-travel-france\/\" target=\"_blank\" rel=\"noreferrer noopener\">Golf trips France<\/a><\/p>\n<\/div>\n\n\n\n<div class=\"wp-block-column is-layout-flow wp-block-column-is-layout-flow\">\n<p style=\"font-size:11px\"><a href=\"https:\/\/www.golfbutler.ch\/en\/europe\/golf-travel-greece\/\" data-type=\"link\" data-id=\"https:\/\/www.golfbutler.ch\/europa\/golf-reisen-griechenland\/\" target=\"_blank\" rel=\"noreferrer noopener\">Golf holidays Greece<\/a><br><a href=\"https:\/\/www.golfbutler.ch\/en\/europe\/golf-travel-ireland\/\" target=\"_blank\" rel=\"noreferrer noopener\">Golf Tours Ireland<\/a><br><a href=\"https:\/\/www.golfbutler.ch\/en\/europe\/golf-travel-italy\/\" target=\"_blank\" rel=\"noreferrer noopener\">Golf trips Italy<\/a><br><a href=\"https:\/\/www.golfbutler.ch\/en\/europe\/golf-travel-portugal\/\" target=\"_blank\" rel=\"noreferrer noopener\">Golf trips Portugal<\/a><br><a href=\"https:\/\/www.golfbutler.ch\/en\/europe\/golf-travel-scotland\/\" target=\"_blank\" rel=\"noreferrer noopener\">Golf trips Scotland<\/a><br><a href=\"https:\/\/www.golfbutler.ch\/en\/europe\/golf-travel-sweden\/\" target=\"_blank\" rel=\"noreferrer noopener\">Golf trips Sweden<\/a><\/p>\n<\/div>\n\n\n\n<div class=\"wp-block-column is-layout-flow wp-block-column-is-layout-flow\">\n<p style=\"font-size:11px\"><a href=\"https:\/\/www.golfbutler.ch\/en\/europe\/golf-travel-slovakia\/\" target=\"_blank\" rel=\"noreferrer noopener\">Golf trips Slovakia<\/a><br><a href=\"https:\/\/www.golfbutler.ch\/en\/europe\/golf-travel-slovenia\/\" target=\"_blank\" rel=\"noreferrer noopener\">Golf trips Slovenia<\/a><br><a href=\"https:\/\/www.golfbutler.ch\/en\/europe\/golf-travel-spain\/\" target=\"_blank\" rel=\"noreferrer noopener\">Golf trips Spain<\/a><br><a href=\"https:\/\/www.golfbutler.ch\/en\/world\/golf-trips-egypt\/\" target=\"_blank\" rel=\"noreferrer noopener\">Golf trips Egypt<\/a><br><a href=\"https:\/\/www.golfbutler.ch\/en\/world\/golf-trips-australia\/\" target=\"_blank\" rel=\"noreferrer noopener\">Golf trips Australia<\/a><br><a href=\"https:\/\/www.golfbutler.ch\/en\/world\/golf-trips-china\/\" target=\"_blank\" rel=\"noreferrer noopener\">Golf Tours China<\/a><\/p>\n<\/div>\n<\/div>\n<\/div>\n\n\n\n<div class=\"wp-block-column is-layout-flow wp-block-column-is-layout-flow\">\n<div class=\"wp-block-columns is-layout-flex wp-container-core-columns-is-layout-9d6595d7 wp-block-columns-is-layout-flex\">\n<div class=\"wp-block-column is-layout-flow wp-block-column-is-layout-flow\">\n<p style=\"font-size:11px\"><a href=\"https:\/\/www.golfbutler.ch\/en\/world\/golf-trips-costa-rica\/\" target=\"_blank\" rel=\"noreferrer noopener\">Golf trips Costa Rica<\/a><br><a href=\"https:\/\/www.golfbutler.ch\/en\/world\/golf-holidays-dubai-abu-dhabi-emirates\/\" target=\"_blank\" rel=\"noreferrer noopener\">Golf holidays Emirates<br><\/a><a href=\"https:\/\/www.golfbutler.ch\/en\/world\/golf-trips-indonesia\/\" target=\"_blank\" rel=\"noreferrer noopener\">Golf Tours Indonesia<\/a><br><a href=\"https:\/\/www.golfbutler.ch\/en\/world\/golf-trips-japan\/\" target=\"_blank\" rel=\"noreferrer noopener\">Golf trips Japan<\/a><br><a href=\"https:\/\/www.golfbutler.ch\/en\/world\/golf-trips-cambodia\/\" target=\"_blank\" rel=\"noreferrer noopener\">Golf trips Cambodia<\/a><br><a href=\"https:\/\/www.golfbutler.ch\/en\/world\/golf-trips-canada\/\" target=\"_blank\" rel=\"noreferrer noopener\">Golf trips Canada<\/a><\/p>\n<\/div>\n\n\n\n<div class=\"wp-block-column is-layout-flow wp-block-column-is-layout-flow\">\n<p style=\"font-size:11px\"><a href=\"https:\/\/www.golfbutler.ch\/en\/world\/golf-trips-caribbean\/\" target=\"_blank\" rel=\"noreferrer noopener\">Caribbean golf trips<\/a><br><a href=\"https:\/\/www.golfbutler.ch\/en\/world\/golf-trips-colombia\/\" target=\"_blank\" rel=\"noreferrer noopener\">Golf trips Colombia<\/a><br><a href=\"https:\/\/www.golfbutler.ch\/en\/world\/golf-holidays-malaysia\/\" target=\"_blank\" rel=\"noreferrer noopener\">Golf Tours Malaysia<\/a><br><a href=\"https:\/\/www.golfbutler.ch\/en\/world\/golf-trips-morocco\/\" target=\"_blank\" rel=\"noreferrer noopener\">Golf trips Morocco<\/a><br><a href=\"https:\/\/www.golfbutler.ch\/en\/world\/golf-holidays-mauritius\/\" target=\"_blank\" rel=\"noreferrer noopener\">Golf holidays Mauritius<\/a><br><a href=\"https:\/\/www.golfbutler.ch\/en\/world\/golf-trips-mexico\/\" target=\"_blank\" rel=\"noreferrer noopener\">Golf trips Mexico<\/a><\/p>\n<\/div>\n\n\n\n<div class=\"wp-block-column is-layout-flow wp-block-column-is-layout-flow\">\n<p style=\"font-size:11px\"><a href=\"https:\/\/www.golfbutler.ch\/en\/world\/golf-holidays-new-zealand\/\" target=\"_blank\" rel=\"noreferrer noopener\">Golf Tours New Zealand<\/a><br><a href=\"https:\/\/www.golfbutler.ch\/en\/world\/golf-trips-oman\/\" target=\"_blank\" rel=\"noreferrer noopener\">Golf trips Oman<\/a><br><a href=\"https:\/\/www.golfbutler.ch\/en\/world\/golf-trips-south-africa\/\" target=\"_blank\" rel=\"noreferrer noopener\">Golf Tours South Africa<\/a><br><a href=\"https:\/\/www.golfbutler.ch\/en\/world\/golf-trips-thailand\/\" target=\"_blank\" rel=\"noreferrer noopener\">Golf trips Thailand<\/a><br><a href=\"https:\/\/www.golfbutler.ch\/en\/world\/golf-trips-usa\/\" target=\"_blank\" rel=\"noreferrer noopener\">Golf trips USA<\/a><br><a href=\"https:\/\/www.golfbutler.ch\/en\/world\/golf-trips-vietnam\/\" target=\"_blank\" rel=\"noreferrer noopener\">Golf tours Vietnam<\/a><br><a href=\"https:\/\/www.golfbutler.ch\/wp-content\/uploads\/2025\/04\/Geschaeftsbedingungen-01-2024.pdf\">AGB's<\/a><\/p>\n<\/div>\n<\/div>\n<\/div>\n<\/div>\n\n<\/div>\n<\/div>\n<\/section>","protected":false},"excerpt":{"rendered":"<p>SWING in STYLE Ihre Reise zu den besten Golfpl\u00e4tzen der Welt beginnt hier. Wir organisieren&#8230; Sie geniessen! Wollten Sie schon immer auf dem legend\u00e4ren Old Course St. Andrews in Schottland spielen oder tr\u00e4umen Sie vom weltweit gr\u00f6ssten Golf Resort Mission Hills in Shenzhen? Zieht es Sie an Spaniens sonnige Costa del Sol oder zu einer &#8230; <a title=\"Home\" class=\"read-more\" href=\"https:\/\/www.golfbutler.ch\/en\/\" aria-label=\"Read more about Home\">Read more<\/a><\/p>","protected":false},"author":1,"featured_media":0,"parent":0,"menu_order":0,"comment_status":"closed","ping_status":"closed","template":"","meta":{"_acf_changed":false,"_seopress_robots_primary_cat":"","_seopress_titles_title":"The Golf Butler - Golfreisen-Spezialist seit \u00fcber 15 Jahren","_seopress_titles_desc":"Ihre n\u00e4chsten Golfferien beginnen hier! Spielen Sie die besten Golfpl\u00e4tze Europas und die bereisen Sie die sch\u00f6nsten L\u00e4nder der Welt.","_seopress_robots_index":"","_seopress_analysis_target_kw":"","footnotes":""},"class_list":["post-1695","page","type-page","status-publish"],"acf":[],"_links":{"self":[{"href":"https:\/\/www.golfbutler.ch\/en\/wp-json\/wp\/v2\/pages\/1695","targetHints":{"allow":["GET"]}}],"collection":[{"href":"https:\/\/www.golfbutler.ch\/en\/wp-json\/wp\/v2\/pages"}],"about":[{"href":"https:\/\/www.golfbutler.ch\/en\/wp-json\/wp\/v2\/types\/page"}],"author":[{"embeddable":true,"href":"https:\/\/www.golfbutler.ch\/en\/wp-json\/wp\/v2\/users\/1"}],"replies":[{"embeddable":true,"href":"https:\/\/www.golfbutler.ch\/en\/wp-json\/wp\/v2\/comments?post=1695"}],"version-history":[{"count":130,"href":"https:\/\/www.golfbutler.ch\/en\/wp-json\/wp\/v2\/pages\/1695\/revisions"}],"predecessor-version":[{"id":8175,"href":"https:\/\/www.golfbutler.ch\/en\/wp-json\/wp\/v2\/pages\/1695\/revisions\/8175"}],"wp:attachment":[{"href":"https:\/\/www.golfbutler.ch\/en\/wp-json\/wp\/v2\/media?parent=1695"}],"curies":[{"name":"wp","href":"https:\/\/api.w.org\/{rel}","templated":true}]}}