{"id":1696,"date":"2021-05-30T14:08:16","date_gmt":"2021-05-30T13:08:16","guid":{"rendered":"https:\/\/gp-inbound.wordifysites.com\/?page_id=3"},"modified":"2024-10-11T09:29:35","modified_gmt":"2024-10-11T07:29:35","slug":"imprint","status":"publish","type":"page","link":"https:\/\/www.golfbutler.ch\/en\/imprint\/","title":{"rendered":"Imprint"},"content":{"rendered":"<p><strong>The GOLF BUTLER<br><\/strong>Karin &amp; Oliver Hassler-Fenner<br>Bodenweg 5<br>5064 Wittnau<\/p>\n\n\n\n<p>Phone +41 62 390 14 14<br>Emergency number: +41 79 912 44 15<\/p>\n\n\n\n<p><a href=\"mailto:info@golfbutler.ch\">info@golfbutler.ch<\/a><\/p>\n\n\n\n<p><\/p>\n\n\n\n<p><strong>Web design:<br><\/strong>SM4B<br><a href=\"https:\/\/www.sm4b.eu\/\" target=\"_blank\" rel=\"noreferrer noopener\">www.sm4b.eu<\/a><\/p>\n\n\n\n<p><\/p>\n\n\n\n<p><\/p>\n\n\n\n<h2 class=\"wp-block-heading has-small-font-size\">Google Analytics<\/h2>\n\n\n\n<p class=\"has-small-font-size\"><strong>Data protection and cookies<\/strong><\/p>\n\n\n\n<p class=\"has-small-font-size\">We take the protection of your personal data very seriously and are committed to safeguarding your privacy. This website does not use cookies that could store your personal data or identify you personally.<\/p>\n\n\n\n<p class=\"has-small-font-size\"><strong>Use of cookies<\/strong><\/p>\n\n\n\n<p class=\"has-small-font-size\">Our website only uses technically necessary cookies to ensure the functionality and security of the site. These cookies are necessary for the operation of the website and do not contain any personal data. We deliberately refrain from using cookies for analysis or marketing purposes.<\/p>\n\n\n\n<p class=\"has-small-font-size\"><strong>Protection of your data<\/strong><\/p>\n\n\n\n<p class=\"has-small-font-size\">We respect your privacy and do not collect or store any personal data unless you provide it to us voluntarily, for example via contact forms. In this case, your data will only be used for the stated purpose and will not be passed on to third parties.<\/p>\n\n\n\n<p class=\"has-small-font-size\"><strong>Data protection regulations<\/strong><\/p>\n\n\n\n<p class=\"has-small-font-size\">Our data protection practices comply with the requirements of the Swiss Data Protection Act (DSG) and the General Data Protection Regulation (GDPR) of the European Union, insofar as this is applicable. We collect, process and use personal data only in accordance with the legal requirements and insofar as this is necessary for the provision and optimization of our services.<\/p>\n\n\n\n<p class=\"has-small-font-size\"><strong>Contact us<\/strong><\/p>\n\n\n\n<p class=\"has-small-font-size\">If you have any questions about data protection or our cookie policy, please contact us using the contact details provided in the legal notice.<\/p>\n\n\n\n<p><\/p>","protected":false},"excerpt":{"rendered":"<p>The GOLF BUTLERKarin &amp; Oliver Hassler-FennerBodenweg 55064 Wittnau Tel. +41 62 390 14 14Notfallnummer: +41 79 912 44 15 info@golfbutler.ch Webdesign:SM4Bwww.sm4b.eu Google Analytics Datenschutz und Cookies Wir nehmen den Schutz Ihrer pers\u00f6nlichen Daten sehr ernst und setzen uns f\u00fcr die Wahrung Ihrer Privatsph\u00e4re ein. Diese Webseite verwendet keine Cookies, die Ihre pers\u00f6nlichen Daten speichern oder &#8230; <a title=\"Imprint\" class=\"read-more\" href=\"https:\/\/www.golfbutler.ch\/en\/imprint\/\" aria-label=\"Read more about Impressum\">Read more<\/a><\/p>","protected":false},"author":1,"featured_media":3607,"parent":0,"menu_order":0,"comment_status":"closed","ping_status":"closed","template":"","meta":{"_acf_changed":false,"_seopress_robots_primary_cat":"","_seopress_titles_title":"","_seopress_titles_desc":"","_seopress_robots_index":"","footnotes":""},"class_list":["post-1696","page","type-page","status-publish","has-post-thumbnail"],"acf":[],"_links":{"self":[{"href":"https:\/\/www.golfbutler.ch\/en\/wp-json\/wp\/v2\/pages\/1696","targetHints":{"allow":["GET"]}}],"collection":[{"href":"https:\/\/www.golfbutler.ch\/en\/wp-json\/wp\/v2\/pages"}],"about":[{"href":"https:\/\/www.golfbutler.ch\/en\/wp-json\/wp\/v2\/types\/page"}],"author":[{"embeddable":true,"href":"https:\/\/www.golfbutler.ch\/en\/wp-json\/wp\/v2\/users\/1"}],"replies":[{"embeddable":true,"href":"https:\/\/www.golfbutler.ch\/en\/wp-json\/wp\/v2\/comments?post=1696"}],"version-history":[{"count":14,"href":"https:\/\/www.golfbutler.ch\/en\/wp-json\/wp\/v2\/pages\/1696\/revisions"}],"predecessor-version":[{"id":6990,"href":"https:\/\/www.golfbutler.ch\/en\/wp-json\/wp\/v2\/pages\/1696\/revisions\/6990"}],"wp:featuredmedia":[{"embeddable":true,"href":"https:\/\/www.golfbutler.ch\/en\/wp-json\/wp\/v2\/media\/3607"}],"wp:attachment":[{"href":"https:\/\/www.golfbutler.ch\/en\/wp-json\/wp\/v2\/media?parent=1696"}],"curies":[{"name":"wp","href":"https:\/\/api.w.org\/{rel}","templated":true}]}}