{"id":1695,"date":"2021-05-30T14:08:16","date_gmt":"2021-05-30T13:08:16","guid":{"rendered":"https:\/\/gp-inbound.wordifysites.com\/?page_id=2"},"modified":"2025-04-08T16:08:03","modified_gmt":"2025-04-08T14:08:03","slug":"home","status":"publish","type":"page","link":"https:\/\/www.golfbutler.ch\/fr\/","title":{"rendered":"Accueil"},"content":{"rendered":"<section class=\"gb-container gb-container-b2e01b99\">\n<div class=\"gb-container gb-container-bd960c98\">\n<div class=\"gb-container gb-container-c2af3289\">\n\n<h1 class=\"gb-headline gb-headline-32928601 gb-headline-text\">SWING in STYLE<\/h1>\n\n\n\n<p class=\"gb-headline gb-headline-47abe1a9 gb-headline-text\"><strong>C'est ici que commence votre prochain voyage de golf.<\/strong><\/p>\n\n<\/div>\n<\/div>\n<\/section>\n\n<section class=\"gb-container gb-container-e4cc5e2c\">\n<div class=\"gb-container gb-container-d4a11448\">\n\n<h2 class=\"gb-headline gb-headline-c10d1bd9 gb-headline-text\">\u00e0 nous d'organiser...      \u00e0 vous d'en profiter ! <\/h2>\n\n\n\n<p>Vous r\u00eavez de jouer le l\u00e9gendaire Old Course St. Andrews en \u00c9cosse ou de d\u00e9couvrir Mission Hills \u00e0 Shenzhen avec ses douze parcours? Votre coeur balance entre le soleil de la Costa del Sol et un voyage inoubliable alliant golf et culture au Vietnam ? Et pourquoi pas l'Afrique du Sud finalement...<\/p>\n\n\n\n<p>Que vous souhaitiez partir \u00e0 l'aventure pour d\u00e9couvrir des cultures exotiques et des golfs non moins \u00e9tonnants ou que vous soyez \u00e0 la recherche de d\u00e9tente dans un bel h\u00f4tel surplombant un splendide parcours de golf non loin de chez vous, cr\u00e9ons ensemble vos vacances de golf sur mesure.<\/p>\n\n\n\n<p>Que vous soyez un golfeur professionnel ou que vous fassiez vos premiers pas sur les greens, que vous voyagiez en groupe ou individuellement : d\u00e9tendez-vous pendant que nous nous chargeons de la planification et r\u00e9jouissez-vous de votre temps libre bien m\u00e9rit\u00e9.<\/p>\n\n\n\n<p><strong>C'est ici que commencent vos vacances de golf  !<\/strong><\/p>\n\n\n\n<h2 class=\"gb-headline gb-headline-1defedea gb-headline-text\">Get inspired...<\/h2>\n\n\n<div class=\"gb-grid-wrapper gb-grid-wrapper-c5df5174\">\n<div class=\"gb-grid-column gb-grid-column-0a7dfa78\"><div class=\"gb-container gb-container-0a7dfa78\">\n<div class=\"wp-block-image\">\n<figure class=\"aligncenter size-full\"><a href=\"https:\/\/www.golfbutler.ch\/fr\/europe\/golf-voyages-suede\/\"><img decoding=\"async\" width=\"287\" height=\"191\" src=\"https:\/\/www.golfbutler.ch\/wp-content\/uploads\/2024\/11\/golf-reisen-schweden-287x191-527.webp\" alt=\"\" class=\"wp-image-7383\"\/><\/a><figcaption class=\"wp-element-caption\"><a href=\"https:\/\/www.golfbutler.ch\/fr\/europe\/golf-voyages-suede\/\"><strong><mark style=\"background-color:rgba(0, 0, 0, 0)\" class=\"has-inline-color has-contrast-color\">Su\u00e8de<\/mark><\/strong><\/a><\/figcaption><\/figure>\n<\/div>\n<\/div><\/div>\n\n<div class=\"gb-grid-column gb-grid-column-f1fb9db3\"><div class=\"gb-container gb-container-f1fb9db3\"><a class=\"gb-container-link\" href=\"https:\/\/www.golfbutler.ch\/fr\/monde\/voyages-de-golf-au-vietnam\/\"><\/a>\n<div class=\"wp-block-image\">\n<figure class=\"aligncenter size-full\"><a href=\"https:\/\/www.golfbutler.ch\/fr\/monde\/voyages-de-golf-au-vietnam\/\"><img decoding=\"async\" width=\"287\" height=\"191\" src=\"https:\/\/www.golfbutler.ch\/wp-content\/uploads\/2024\/05\/VIETNAM-287x191-1.jpg\" alt=\"voyages de golf vietnam vacances de golf vietnam golf vietnam terrains de golf vietnam\" class=\"wp-image-3755\"\/><\/a><figcaption class=\"wp-element-caption\"><strong><mark style=\"background-color:rgba(0, 0, 0, 0)\" class=\"has-inline-color has-contrast-2-color\"><a href=\"https:\/\/www.golfbutler.ch\/fr\/monde\/voyages-de-golf-au-vietnam\/\">Vietnam<\/a><\/mark><\/strong><\/figcaption><\/figure>\n<\/div>\n<\/div><\/div>\n\n<div class=\"gb-grid-column gb-grid-column-dd05d3bd\"><div class=\"gb-container gb-container-dd05d3bd\">\n<div class=\"wp-block-image\">\n<figure class=\"aligncenter size-full\"><a href=\"https:\/\/www.golfbutler.ch\/fr\/monde\/voyages-de-golf-au-maroc\/\" rel=\"https:\/\/www.golfbutler.ch\/world\/golfreisen-marokko\/\"><img decoding=\"async\" width=\"287\" height=\"191\" src=\"https:\/\/www.golfbutler.ch\/wp-content\/uploads\/2024\/05\/MAROKKO-287x191-1.jpg\" alt=\"voyage golf maroc golf h\u00f4tels maroc golf vacances maroc golf vacances maroc golf marrakech h\u00f4tels golf marrakech\" class=\"wp-image-3753\"\/><\/a><figcaption class=\"wp-element-caption\"><strong><mark style=\"background-color:rgba(0, 0, 0, 0)\" class=\"has-inline-color has-contrast-2-color\"><a href=\"https:\/\/www.golfbutler.ch\/fr\/monde\/voyages-de-golf-au-maroc\/\" data-type=\"link\" data-id=\"https:\/\/www.golfbutler.ch\/world\/marokko\/\">Maroc<\/a><\/mark><\/strong><\/figcaption><\/figure>\n<\/div>\n<\/div><\/div>\n\n<div class=\"gb-grid-column gb-grid-column-dda3a69f\"><div class=\"gb-container gb-container-dda3a69f\">\n<div class=\"wp-block-image\">\n<figure class=\"aligncenter size-full\"><a href=\"https:\/\/www.golfbutler.ch\/fr\/monde\/mauritius\/\"><img decoding=\"async\" width=\"287\" height=\"191\" src=\"https:\/\/www.golfbutler.ch\/wp-content\/uploads\/2024\/05\/MAURITIUS-287x191-1.jpg\" alt=\"voyage golf maurice vacances golf maurice terrains de golf maurice h\u00f4tels golf maurice offres voyage golf maurice r\u00e9servation\" class=\"wp-image-3749\"\/><\/a><figcaption class=\"wp-element-caption\"><strong><mark style=\"background-color:rgba(0, 0, 0, 0)\" class=\"has-inline-color has-contrast-color\"><a href=\"https:\/\/www.golfbutler.ch\/fr\/monde\/voyages-de-golf-maurice\/\" data-type=\"page\" data-id=\"4369\">Maurice<\/a><\/mark><\/strong><\/figcaption><\/figure>\n<\/div>\n<\/div><\/div>\n\n<div class=\"gb-grid-column gb-grid-column-7e9e6d14\"><div class=\"gb-container gb-container-7e9e6d14\">\n<div class=\"wp-block-image\">\n<figure class=\"aligncenter size-full\"><a href=\"https:\/\/www.golfbutler.ch\/fr\/europe\/golf-voyages-portugal\/\"><img decoding=\"async\" width=\"287\" height=\"191\" src=\"https:\/\/www.golfbutler.ch\/wp-content\/uploads\/2024\/07\/portugal-000-1.jpg\" alt=\"\" class=\"wp-image-4794\"\/><\/a><figcaption class=\"wp-element-caption\"><strong><mark style=\"background-color:rgba(0, 0, 0, 0)\" class=\"has-inline-color has-contrast-2-color\"><a href=\"https:\/\/www.golfbutler.ch\/fr\/europe\/golf-voyages-portugal\/\" data-type=\"link\" data-id=\"https:\/\/www.golfbutler.ch\/europa\/portugal\/\">Portugal<\/a><\/mark><\/strong><\/figcaption><\/figure>\n<\/div>\n<\/div><\/div>\n\n<div class=\"gb-grid-column gb-grid-column-ace73313\"><div class=\"gb-container gb-container-ace73313\">\n<div class=\"wp-block-image\">\n<figure class=\"aligncenter size-full\"><a href=\"https:\/\/www.golfbutler.ch\/fr\/europe\/golf-voyages-espagne\/\"><img decoding=\"async\" width=\"287\" height=\"191\" src=\"https:\/\/www.golfbutler.ch\/wp-content\/uploads\/2024\/09\/spanien-golf-ferien-287x191-444.jpg\" alt=\"\" class=\"wp-image-6699\"\/><\/a><figcaption class=\"wp-element-caption\"><strong><mark style=\"background-color:rgba(0, 0, 0, 0)\" class=\"has-inline-color has-contrast-2-color\"><a href=\"https:\/\/www.golfbutler.ch\/fr\/europe\/golf-voyages-espagne\/\">Espagne<\/a><\/mark><\/strong><\/figcaption><\/figure>\n<\/div>\n<\/div><\/div>\n\n<div class=\"gb-grid-column gb-grid-column-0a470b73\"><div class=\"gb-container gb-container-0a470b73\">\n<div class=\"wp-block-image\">\n<figure class=\"aligncenter size-full\"><a href=\"https:\/\/www.golfbutler.ch\/fr\/europe\/golf-voyages-grece\/\"><img decoding=\"async\" width=\"287\" height=\"191\" src=\"https:\/\/www.golfbutler.ch\/wp-content\/uploads\/2024\/06\/GRIECHENLAND_ZYPERN_datingscout-3SdITUfm85M-unsplash-2.jpg\" alt=\"\" class=\"wp-image-3876\"\/><\/a><figcaption class=\"wp-element-caption\"><mark style=\"background-color:rgba(0, 0, 0, 0)\" class=\"has-inline-color has-contrast-color\"><strong><a href=\"https:\/\/www.golfbutler.ch\/fr\/europe\/golf-voyages-grece\/\" data-type=\"page\" data-id=\"4089\">Gr\u00e8ce<\/a><\/strong><\/mark><\/figcaption><\/figure>\n<\/div>\n<\/div><\/div>\n\n<div class=\"gb-grid-column gb-grid-column-56bec59f\"><div class=\"gb-container gb-container-56bec59f\">\n<div class=\"wp-block-image\">\n<figure class=\"aligncenter size-full\"><a href=\"https:\/\/www.golfbutler.ch\/fr\/europe\/irlande\/\"><img decoding=\"async\" width=\"287\" height=\"191\" src=\"https:\/\/www.golfbutler.ch\/wp-content\/uploads\/2024\/05\/IRLAND-287x191-1.jpg\" alt=\"\" class=\"wp-image-3750\"\/><\/a><figcaption class=\"wp-element-caption\"><strong><mark style=\"background-color:rgba(0, 0, 0, 0)\" class=\"has-inline-color has-contrast-2-color\"><a href=\"https:\/\/www.golfbutler.ch\/fr\/europe\/irlande\/\" data-type=\"page\" data-id=\"4087\">Irlande<\/a><\/mark><\/strong><\/figcaption><\/figure>\n<\/div>\n<\/div><\/div>\n\n<div class=\"gb-grid-column gb-grid-column-6a49245c\"><div class=\"gb-container gb-container-6a49245c\">\n<div class=\"wp-block-image\">\n<figure class=\"aligncenter size-full\"><a href=\"https:\/\/www.golfbutler.ch\/fr\/monde\/voyages-de-golf-en-chine\/\"><img decoding=\"async\" width=\"287\" height=\"191\" src=\"https:\/\/www.golfbutler.ch\/wp-content\/uploads\/2024\/07\/CHINA-golf-ferien-287x191-1.jpg\" alt=\"\" class=\"wp-image-4798\"\/><\/a><figcaption class=\"wp-element-caption\"><strong><mark style=\"background-color:rgba(0, 0, 0, 0)\" class=\"has-inline-color has-contrast-2-color\"><a href=\"https:\/\/www.golfbutler.ch\/fr\/monde\/voyages-de-golf-en-chine\/\" data-type=\"link\" data-id=\"https:\/\/www.golfbutler.ch\/world\/china\/\">Chine<\/a><\/mark><\/strong><\/figcaption><\/figure>\n<\/div>\n<\/div><\/div>\n\n<div class=\"gb-grid-column gb-grid-column-6f730ca9\"><div class=\"gb-container gb-container-6f730ca9\">\n<div class=\"wp-block-image\">\n<figure class=\"aligncenter size-full\"><a href=\"https:\/\/www.golfbutler.ch\/fr\/monde\/golfreisen-dubai-abu+dhabi-emiraten\/\"><img decoding=\"async\" width=\"287\" height=\"191\" src=\"https:\/\/www.golfbutler.ch\/wp-content\/uploads\/2024\/05\/DUBAI-287x191-1.jpg\" alt=\"\" class=\"wp-image-3744\"\/><\/a><figcaption class=\"wp-element-caption\"><strong><mark style=\"background-color:rgba(0, 0, 0, 0)\" class=\"has-inline-color has-contrast-2-color\"><a href=\"https:\/\/www.golfbutler.ch\/fr\/monde\/golfreisen-dubai-abu+dhabi-emiraten\/\" data-type=\"link\" data-id=\"https:\/\/www.golfbutler.ch\/world\/emiraten\/\">Duba\u00ef<\/a><\/mark><\/strong><\/figcaption><\/figure>\n<\/div>\n<\/div><\/div>\n\n<div class=\"gb-grid-column gb-grid-column-92934f14\"><div class=\"gb-container gb-container-92934f14\">\n<div class=\"wp-block-image\">\n<figure class=\"aligncenter size-full\"><a href=\"https:\/\/www.golfbutler.ch\/fr\/monde\/voyages-de-golf-en-colombie\/\" rel=\"https:\/\/www.golfbutler.ch\/world\/golfreisen-kolumbien\/\"><img decoding=\"async\" width=\"287\" height=\"191\" src=\"https:\/\/www.golfbutler.ch\/wp-content\/uploads\/2024\/07\/KOLUMBIEN-golf-ferien-287x191-1.jpg\" alt=\"\" class=\"wp-image-4803\"\/><\/a><figcaption class=\"wp-element-caption\"><strong><mark style=\"background-color:rgba(0, 0, 0, 0)\" class=\"has-inline-color has-contrast-2-color\"><a href=\"https:\/\/www.golfbutler.ch\/fr\/monde\/voyages-de-golf-en-colombie\/\">Colombie<\/a><\/mark><\/strong><\/figcaption><\/figure>\n<\/div>\n<\/div><\/div>\n\n<div class=\"gb-grid-column gb-grid-column-7a714409\"><div class=\"gb-container gb-container-7a714409\">\n<div class=\"wp-block-image\">\n<figure class=\"aligncenter size-full\"><a href=\"https:\/\/www.golfbutler.ch\/fr\/monde\/voyages-de-golf-en-nouvelle-zelande\/\"><img decoding=\"async\" width=\"287\" height=\"191\" src=\"https:\/\/www.golfbutler.ch\/wp-content\/uploads\/2024\/07\/NEUSEELAND-golf-ferien-287x191-1.jpg\" alt=\"Voyages de golf Nouvelle-Z\u00e9lande-Golf Nouvelle-Z\u00e9lande-Campings de golf Nouvelle-Z\u00e9lande\" class=\"wp-image-4806\"\/><\/a><figcaption class=\"wp-element-caption\"><strong><mark style=\"background-color:rgba(0, 0, 0, 0)\" class=\"has-inline-color has-contrast-2-color\"><a href=\"https:\/\/www.golfbutler.ch\/fr\/monde\/voyages-de-golf-en-nouvelle-zelande\/\">Nouvelle-Z\u00e9lande<\/a><\/mark><\/strong><\/figcaption><\/figure>\n<\/div>\n<\/div><\/div>\n<\/div>\n\n\n<p>Voici une petite s\u00e9lection des meilleures destinations en termes de voyages de golf afin de trouver votre inspiration. D\u00e9couvrez nos deux portefeuils<a href=\"https:\/\/www.golfbutler.ch\/fr\/europe\/\"> <\/a><strong><a href=\"https:\/\/www.golfbutler.ch\/fr\/europe\/\">EUROPE<\/a><\/strong> et <strong><a href=\"https:\/\/www.golfbutler.ch\/fr\/monde\/\">WORLD<\/a><\/strong> qui contiennent, outre des destinations incontournables, quelques p\u00e9pites inattendues o\u00f9 vous attendent de superbes parcours de golf. Du <strong>golf en Italie<\/strong>, <strong>la Finlande<\/strong>, <strong>et le Danemark pour du golf de minuit<\/strong> ou les l\u00e9gendaires <strong>parcours en Angleterre<\/strong>; <strong>un voyage de golf en Malaisie<\/strong>, <strong>les fairways de la R\u00e9publique dominicaine<\/strong>, l'\u00e9t\u00e9 indien au cours d'un <strong>voyage de golf au Canada<\/strong> ou encore les terrains de golf d'\u00c9gypte et bien d'autres choses encore vous attendent... n'attendez plus pour trouver votre bonheur !<\/p>\n\n\n<div class=\"gb-container gb-container-fced5844\">\n\n<a class=\"gb-button gb-button-0c8b2ca9\" href=\"https:\/\/www.golfbutler.ch\/fr\/europe\/\"><span class=\"gb-icon\"><svg aria-hidden=\"true\" role=\"img\" height=\"1em\" width=\"1em\" viewbox=\"0 0 256 512\" xmlns=\"http:\/\/www.w3.org\/2000\/svg\"><path fill=\"currentColor\" d=\"M224.3 273l-136 136c-9.4 9.4-24.6 9.4-33.9 0l-22.6-22.6c-9.4-9.4-9.4-24.6 0-33.9l96.4-96.4-96.4-96.4c-9.4-9.4-9.4-24.6 0-33.9L54.3 103c9.4-9.4 24.6-9.4 33.9 0l136 136c9.5 9.4 9.5 24.6.1 34z\"><\/path><\/svg><\/span><span class=\"gb-button-text\">EUROPE<\/span><\/a>\n\n\n\n<a class=\"gb-button gb-button-90ee2cc2\" href=\"https:\/\/www.golfbutler.ch\/fr\/monde\/\"><span class=\"gb-icon\"><svg aria-hidden=\"true\" role=\"img\" height=\"1em\" width=\"1em\" viewbox=\"0 0 256 512\" xmlns=\"http:\/\/www.w3.org\/2000\/svg\"><path fill=\"currentColor\" d=\"M224.3 273l-136 136c-9.4 9.4-24.6 9.4-33.9 0l-22.6-22.6c-9.4-9.4-9.4-24.6 0-33.9l96.4-96.4-96.4-96.4c-9.4-9.4-9.4-24.6 0-33.9L54.3 103c9.4-9.4 24.6-9.4 33.9 0l136 136c9.5 9.4 9.5 24.6.1 34z\"><\/path><\/svg><\/span><span class=\"gb-button-text\">WORLD<\/span><\/a>\n\n<\/div>\n<\/div>\n<\/section>\n\n<section class=\"gb-container gb-container-771c2c9e alignfull\">\n<div class=\"gb-container gb-container-ced89cfc\">\n<div class=\"gb-container gb-container-49e56edb\">\n\n<figure class=\"gb-block-image gb-block-image-ad6d2ba8\"><img decoding=\"async\" width=\"488\" height=\"310\" class=\"gb-image gb-image-ad6d2ba8\" src=\"https:\/\/www.golfbutler.ch\/wp-content\/uploads\/2024\/05\/Visitenkarte_GB_SB-1_page-0001-e1716990575682.jpg\" alt=\"\" title=\"Visitenkarte_GB_SB-1_page-0001\" srcset=\"https:\/\/www.golfbutler.ch\/wp-content\/uploads\/2024\/05\/Visitenkarte_GB_SB-1_page-0001-e1716990575682.jpg 488w, https:\/\/www.golfbutler.ch\/wp-content\/uploads\/2024\/05\/Visitenkarte_GB_SB-1_page-0001-e1716990575682-300x191.jpg 300w\" sizes=\"(max-width: 488px) 100vw, 488px\" \/><\/figure>\n\n<\/div>\n\n<div class=\"gb-container gb-container-dfac1555\">\n\n<h3 class=\"gb-headline gb-headline-608020c5 gb-headline-text\">The Golf Butler, vos vacances de golf sur mesure <\/h3>\n\n\n\n<a class=\"gb-button gb-button-66ec2dba\" href=\"#\"><span class=\"gb-icon\"><svg aria-hidden=\"true\" role=\"img\" height=\"1em\" width=\"1em\" viewbox=\"0 0 256 512\" xmlns=\"http:\/\/www.w3.org\/2000\/svg\"><path fill=\"currentColor\" d=\"M224.3 273l-136 136c-9.4 9.4-24.6 9.4-33.9 0l-22.6-22.6c-9.4-9.4-9.4-24.6 0-33.9l96.4-96.4-96.4-96.4c-9.4-9.4-9.4-24.6 0-33.9L54.3 103c9.4-9.4 24.6-9.4 33.9 0l136 136c9.5 9.4 9.5 24.6.1 34z\"><\/path><\/svg><\/span><span class=\"gb-button-text\">contactez-nous<\/span><\/a>\n\n<\/div>\n<\/div>\n<\/section>\n\n<section class=\"gb-container gb-container-771c2c9e alignfull\">\n<div class=\"gb-container gb-container-ced89cfc\">\n<div class=\"gb-container gb-container-dfac1555\">\n\n<div class=\"wp-block-columns is-layout-flex wp-container-core-columns-is-layout-9d6595d7 wp-block-columns-is-layout-flex\">\n<div class=\"wp-block-column is-layout-flow wp-block-column-is-layout-flow\">\n<div class=\"wp-block-columns is-layout-flex wp-container-core-columns-is-layout-9d6595d7 wp-block-columns-is-layout-flex\">\n<div class=\"wp-block-column is-layout-flow wp-block-column-is-layout-flow\">\n<p style=\"font-size:11px\"><a href=\"https:\/\/www.golfbutler.ch\/fr\/europe\/golf-voyages-bulgarie\/\" target=\"_blank\" rel=\"noreferrer noopener\">Voyages de golf en Bulgarie<\/a><br><a href=\"https:\/\/www.golfbutler.ch\/fr\/europe\/golf-voyage-danemark\/\" target=\"_blank\" rel=\"noreferrer noopener\">Voyages de golf Danemark<\/a><br><a href=\"https:\/\/www.golfbutler.ch\/fr\/europe\/golf-voyages-allemagne\/\" target=\"_blank\" rel=\"noreferrer noopener\">Voyages de golf en Allemagne<\/a><br><a href=\"https:\/\/www.golfbutler.ch\/fr\/europe\/golf-voyages-angleterre\/\" target=\"_blank\" rel=\"noreferrer noopener\">Voyages de golf en Angleterre<\/a><br><a href=\"https:\/\/www.golfbutler.ch\/fr\/europe\/golf-voyages-finlande\/\" target=\"_blank\" rel=\"noreferrer noopener\">Voyages de golf en Finlande<\/a><br><a href=\"https:\/\/www.golfbutler.ch\/fr\/europe\/golf-voyages-france\/\" target=\"_blank\" rel=\"noreferrer noopener\">Voyages de golf en France<\/a><\/p>\n<\/div>\n\n\n\n<div class=\"wp-block-column is-layout-flow wp-block-column-is-layout-flow\">\n<p style=\"font-size:11px\"><a href=\"https:\/\/www.golfbutler.ch\/fr\/europe\/golf-voyages-grece\/\" data-type=\"link\" data-id=\"https:\/\/www.golfbutler.ch\/europa\/golf-reisen-griechenland\/\" target=\"_blank\" rel=\"noreferrer noopener\">Voyages de golf Gr\u00e8ce<\/a><br><a href=\"https:\/\/www.golfbutler.ch\/fr\/europe\/golf-voyages-irlande\/\" target=\"_blank\" rel=\"noreferrer noopener\">Voyages de golf en Irlande<\/a><br><a href=\"https:\/\/www.golfbutler.ch\/fr\/europe\/golf-voyages-italie\/\" target=\"_blank\" rel=\"noreferrer noopener\">Voyages de golf en Italie<\/a><br><a href=\"https:\/\/www.golfbutler.ch\/fr\/europe\/golf-voyages-portugal\/\" target=\"_blank\" rel=\"noreferrer noopener\">Voyages de golf Portugal<\/a><br><a href=\"https:\/\/www.golfbutler.ch\/fr\/europe\/golf-voyages-ecosse\/\" target=\"_blank\" rel=\"noreferrer noopener\">Voyages de golf en \u00c9cosse<\/a><br><a href=\"https:\/\/www.golfbutler.ch\/fr\/europe\/golf-voyages-suede\/\" target=\"_blank\" rel=\"noreferrer noopener\">Voyages de golf en Su\u00e8de<\/a><\/p>\n<\/div>\n\n\n\n<div class=\"wp-block-column is-layout-flow wp-block-column-is-layout-flow\">\n<p style=\"font-size:11px\"><a href=\"https:\/\/www.golfbutler.ch\/fr\/europe\/golf-voyages-slovaquie\/\" target=\"_blank\" rel=\"noreferrer noopener\">Voyages de golf en Slovaquie<\/a><br><a href=\"https:\/\/www.golfbutler.ch\/fr\/europe\/golf-voyages-slovenie\/\" target=\"_blank\" rel=\"noreferrer noopener\">Voyages de golf en Slov\u00e9nie<\/a><br><a href=\"https:\/\/www.golfbutler.ch\/fr\/europe\/golf-voyages-espagne\/\" target=\"_blank\" rel=\"noreferrer noopener\">Voyages de golf en Espagne<\/a><br><a href=\"https:\/\/www.golfbutler.ch\/fr\/monde\/voyages-de-golf-en-egypte\/\" target=\"_blank\" rel=\"noreferrer noopener\">Voyages de golf en \u00c9gypte<\/a><br><a href=\"https:\/\/www.golfbutler.ch\/fr\/monde\/voyages-de-golf-en-australie\/\" target=\"_blank\" rel=\"noreferrer noopener\">Voyages de golf en Australie<\/a><br><a href=\"https:\/\/www.golfbutler.ch\/fr\/monde\/voyages-de-golf-en-chine\/\" target=\"_blank\" rel=\"noreferrer noopener\">Voyages de golf en Chine<\/a><\/p>\n<\/div>\n<\/div>\n<\/div>\n\n\n\n<div class=\"wp-block-column is-layout-flow wp-block-column-is-layout-flow\">\n<div class=\"wp-block-columns is-layout-flex wp-container-core-columns-is-layout-9d6595d7 wp-block-columns-is-layout-flex\">\n<div class=\"wp-block-column is-layout-flow wp-block-column-is-layout-flow\">\n<p style=\"font-size:11px\"><a href=\"https:\/\/www.golfbutler.ch\/fr\/monde\/voyages-de-golf-costa-rica\/\" target=\"_blank\" rel=\"noreferrer noopener\">Voyages de golf Costa Rica<\/a><br><a href=\"https:\/\/www.golfbutler.ch\/fr\/monde\/voyages-de-golf-dubai-abu-dhabi-emirats\/\" target=\"_blank\" rel=\"noreferrer noopener\">Voyages de golf \u00c9mirats<br><\/a><a href=\"https:\/\/www.golfbutler.ch\/fr\/monde\/voyages-de-golf-en-indonesie\/\" target=\"_blank\" rel=\"noreferrer noopener\">Voyages de golf en Indon\u00e9sie<\/a><br><a href=\"https:\/\/www.golfbutler.ch\/fr\/monde\/voyages-de-golf-au-japon\/\" target=\"_blank\" rel=\"noreferrer noopener\">Voyages de golf au Japon<\/a><br><a href=\"https:\/\/www.golfbutler.ch\/fr\/monde\/voyages-de-golf-au-cambodge\/\" target=\"_blank\" rel=\"noreferrer noopener\">Voyages de golf au Cambodge<\/a><br><a href=\"https:\/\/www.golfbutler.ch\/fr\/monde\/voyages-de-golf-au-canada\/\" target=\"_blank\" rel=\"noreferrer noopener\">Voyages de golf au Canada<\/a><\/p>\n<\/div>\n\n\n\n<div class=\"wp-block-column is-layout-flow wp-block-column-is-layout-flow\">\n<p style=\"font-size:11px\"><a href=\"https:\/\/www.golfbutler.ch\/fr\/monde\/voyages-de-golf-aux-caraibes\/\" target=\"_blank\" rel=\"noreferrer noopener\">Voyages de golf Cara\u00efbes<\/a><br><a href=\"https:\/\/www.golfbutler.ch\/fr\/monde\/voyages-de-golf-en-colombie\/\" target=\"_blank\" rel=\"noreferrer noopener\">Voyages de golf en Colombie<\/a><br><a href=\"https:\/\/www.golfbutler.ch\/fr\/monde\/voyages-de-golf-en-malaisie\/\" target=\"_blank\" rel=\"noreferrer noopener\">Voyages de golf en Malaisie<\/a><br><a href=\"https:\/\/www.golfbutler.ch\/fr\/monde\/voyages-de-golf-au-maroc\/\" target=\"_blank\" rel=\"noreferrer noopener\">Voyages de golf au Maroc<\/a><br><a href=\"https:\/\/www.golfbutler.ch\/fr\/monde\/voyages-de-golf-maurice\/\" target=\"_blank\" rel=\"noreferrer noopener\">Voyages de golf \u00e0 l'\u00eele Maurice<\/a><br><a href=\"https:\/\/www.golfbutler.ch\/fr\/monde\/voyages-de-golf-au-mexique\/\" target=\"_blank\" rel=\"noreferrer noopener\">Voyages de golf au Mexique<\/a><\/p>\n<\/div>\n\n\n\n<div class=\"wp-block-column is-layout-flow wp-block-column-is-layout-flow\">\n<p style=\"font-size:11px\"><a href=\"https:\/\/www.golfbutler.ch\/fr\/monde\/voyages-de-golf-en-nouvelle-zelande\/\" target=\"_blank\" rel=\"noreferrer noopener\">Voyages de golf en Nouvelle-Z\u00e9lande<\/a><br><a href=\"https:\/\/www.golfbutler.ch\/fr\/monde\/voyages-de-golf-oman\/\" target=\"_blank\" rel=\"noreferrer noopener\">Voyages de golf Oman<\/a><br><a href=\"https:\/\/www.golfbutler.ch\/fr\/monde\/voyages-de-golf-en-afrique-du-sud\/\" target=\"_blank\" rel=\"noreferrer noopener\">Voyages de golf en Afrique du Sud<\/a><br><a href=\"https:\/\/www.golfbutler.ch\/fr\/monde\/voyages-de-golf-en-thailande\/\" target=\"_blank\" rel=\"noreferrer noopener\">Voyages de golf en Tha\u00eflande<\/a><br><a href=\"https:\/\/www.golfbutler.ch\/fr\/monde\/voyages-de-golf-usa\/\" target=\"_blank\" rel=\"noreferrer noopener\">Voyages de golf aux \u00c9tats-Unis<\/a><br><a href=\"https:\/\/www.golfbutler.ch\/fr\/monde\/voyages-de-golf-au-vietnam\/\" target=\"_blank\" rel=\"noreferrer noopener\">Voyage de golf au Vietnam<\/a><br><a href=\"https:\/\/www.golfbutler.ch\/wp-content\/uploads\/2025\/04\/Geschaeftsbedingungen-01-2024.pdf\">Conditions g\u00e9n\u00e9rales de vente<\/a><\/p>\n<\/div>\n<\/div>\n<\/div>\n<\/div>\n\n<\/div>\n<\/div>\n<\/section>","protected":false},"excerpt":{"rendered":"<p>SWING in STYLE Ihre Reise zu den besten Golfpl\u00e4tzen der Welt beginnt hier. Wir organisieren&#8230; Sie geniessen! Wollten Sie schon immer auf dem legend\u00e4ren Old Course St. Andrews in Schottland spielen oder tr\u00e4umen Sie vom weltweit gr\u00f6ssten Golf Resort Mission Hills in Shenzhen? Zieht es Sie an Spaniens sonnige Costa del Sol oder zu einer &#8230; <a title=\"Accueil\" class=\"read-more\" href=\"https:\/\/www.golfbutler.ch\/fr\/\" aria-label=\"En savoir plus sur Home\">Lire la suite<\/a><\/p>","protected":false},"author":1,"featured_media":0,"parent":0,"menu_order":0,"comment_status":"closed","ping_status":"closed","template":"","meta":{"_acf_changed":false,"_seopress_robots_primary_cat":"","_seopress_titles_title":"The Golf Butler - Golfreisen-Spezialist seit \u00fcber 15 Jahren","_seopress_titles_desc":"Ihre n\u00e4chsten Golfferien beginnen hier! Spielen Sie die besten Golfpl\u00e4tze Europas und die bereisen Sie die sch\u00f6nsten L\u00e4nder der Welt.","_seopress_robots_index":"","_seopress_analysis_target_kw":"","footnotes":""},"class_list":["post-1695","page","type-page","status-publish"],"acf":[],"_links":{"self":[{"href":"https:\/\/www.golfbutler.ch\/fr\/wp-json\/wp\/v2\/pages\/1695","targetHints":{"allow":["GET"]}}],"collection":[{"href":"https:\/\/www.golfbutler.ch\/fr\/wp-json\/wp\/v2\/pages"}],"about":[{"href":"https:\/\/www.golfbutler.ch\/fr\/wp-json\/wp\/v2\/types\/page"}],"author":[{"embeddable":true,"href":"https:\/\/www.golfbutler.ch\/fr\/wp-json\/wp\/v2\/users\/1"}],"replies":[{"embeddable":true,"href":"https:\/\/www.golfbutler.ch\/fr\/wp-json\/wp\/v2\/comments?post=1695"}],"version-history":[{"count":130,"href":"https:\/\/www.golfbutler.ch\/fr\/wp-json\/wp\/v2\/pages\/1695\/revisions"}],"predecessor-version":[{"id":8175,"href":"https:\/\/www.golfbutler.ch\/fr\/wp-json\/wp\/v2\/pages\/1695\/revisions\/8175"}],"wp:attachment":[{"href":"https:\/\/www.golfbutler.ch\/fr\/wp-json\/wp\/v2\/media?parent=1695"}],"curies":[{"name":"wp","href":"https:\/\/api.w.org\/{rel}","templated":true}]}}