{"id":6466,"date":"2024-09-20T15:51:59","date_gmt":"2024-09-20T13:51:59","guid":{"rendered":"https:\/\/www.golf-butler.sitewordpress.fr\/?page_id=6466"},"modified":"2025-01-02T15:42:24","modified_gmt":"2025-01-02T14:42:24","slug":"blog","status":"publish","type":"page","link":"https:\/\/www.golfbutler.ch\/fr\/blog\/","title":{"rendered":"Blog"},"content":{"rendered":"<div class=\"gb-container gb-container-c0926633\">\n<div class=\"gb-container gb-container-4036e7a6\">\n<div class=\"gb-container gb-container-b51aecde\">\n\n<h2 class=\"gb-headline gb-headline-5c894a04 gb-headline-text\">Enjoy<\/h2>\n\n\n\n<p class=\"gb-headline gb-headline-354d8d34 gb-headline-text\">Vous y trouverez des actualit\u00e9s, des offres sp\u00e9ciales, des vid\u00e9os de terrains de golf, de complexes h\u00f4teliers, d'autres points forts et des informations sur The Golf Butler... n'h\u00e9sitez pas \u00e0 fouiller.<\/p>\n\n<\/div>\n<\/div>\n<\/div>\n\n<div class=\"gb-container gb-container-dd3d687e\">\n<div class=\"gb-container gb-container-c7c46819\">\n\n<div class=\"gb-grid-wrapper gb-grid-wrapper-9b2501b0 gb-query-loop-wrapper\">\n<div class=\"gb-grid-column gb-grid-column-6ba754da gb-query-loop-item post-7123 post type-post status-publish format-standard has-post-thumbnail hentry category-marokko category-newsletter\"><article class=\"gb-container gb-container-6ba754da\">\n<figure class=\"gb-block-image gb-block-image-50d9cf8b\"><a href=\"https:\/\/www.golfbutler.ch\/fr\/maroc-drive-the-ocean\/\"><img decoding=\"async\" width=\"300\" height=\"225\" src=\"https:\/\/www.golfbutler.ch\/wp-content\/uploads\/2024\/11\/blog-marokko-newsletter-800x600-478-300x225.jpg\" class=\"gb-image-50d9cf8b\" alt=\"\" srcset=\"https:\/\/www.golfbutler.ch\/wp-content\/uploads\/2024\/11\/blog-marokko-newsletter-800x600-478-300x225.jpg 300w, https:\/\/www.golfbutler.ch\/wp-content\/uploads\/2024\/11\/blog-marokko-newsletter-800x600-478-768x576.jpg 768w, https:\/\/www.golfbutler.ch\/wp-content\/uploads\/2024\/11\/blog-marokko-newsletter-800x600-478.jpg 800w\" sizes=\"(max-width: 300px) 100vw, 300px\" \/><\/a><\/figure>\n\n<div class=\"gb-container gb-container-447e558c\"><a class=\"gb-container-link\" href=\"https:\/\/www.golfbutler.ch\/fr\/soma-bay-special-2\/\"><\/a>\n<h3 class=\"gb-headline gb-headline-317e14e7 gb-headline-text\"><a href=\"https:\/\/www.golfbutler.ch\/fr\/maroc-drive-the-ocean\/\">Maroc : Drive the Ocean<\/a><\/h3>\n\n<p class=\"gb-headline gb-headline-da929650 gb-headline-text\">Le Maroc, c'est bien plus que Marrakech. Vous avez envie de partir au Maroc, mais vous pr\u00e9f\u00e9rez \u00e9viter l'agitation de Marrakech, alors d\u00e9couvrez les nombreuses possibilit\u00e9s ...<\/p>\n<\/div>\n<\/article><\/div>\n\n<div class=\"gb-grid-column gb-grid-column-6ba754da gb-query-loop-item post-7101 post type-post status-publish format-standard has-post-thumbnail hentry category-bulgarien category-newsletter\"><article class=\"gb-container gb-container-6ba754da\">\n<figure class=\"gb-block-image gb-block-image-50d9cf8b\"><a href=\"https:\/\/www.golfbutler.ch\/fr\/pourquoi-pas-la-bulgarie\/\"><img decoding=\"async\" width=\"300\" height=\"225\" src=\"https:\/\/www.golfbutler.ch\/wp-content\/uploads\/2024\/11\/blog-bulgarien-newsletter-800x600-466-300x225.jpg\" class=\"gb-image-50d9cf8b\" alt=\"\" srcset=\"https:\/\/www.golfbutler.ch\/wp-content\/uploads\/2024\/11\/blog-bulgarien-newsletter-800x600-466-300x225.jpg 300w, https:\/\/www.golfbutler.ch\/wp-content\/uploads\/2024\/11\/blog-bulgarien-newsletter-800x600-466-768x576.jpg 768w, https:\/\/www.golfbutler.ch\/wp-content\/uploads\/2024\/11\/blog-bulgarien-newsletter-800x600-466.jpg 800w\" sizes=\"(max-width: 300px) 100vw, 300px\" \/><\/a><\/figure>\n\n<div class=\"gb-container gb-container-447e558c\"><a class=\"gb-container-link\" href=\"https:\/\/www.golfbutler.ch\/fr\/soma-bay-special-2\/\"><\/a>\n<h3 class=\"gb-headline gb-headline-317e14e7 gb-headline-text\"><a href=\"https:\/\/www.golfbutler.ch\/fr\/pourquoi-pas-la-bulgarie\/\">Pourquoi pas la Bulgarie<\/a><\/h3>\n\n<p class=\"gb-headline gb-headline-da929650 gb-headline-text\">D\u00e9couvrez ce petit pays d'Europe de l'Est aux multiples facettes. Si beaucoup connaissent d\u00e9j\u00e0 les trois terrains de golf, dont l'\u00e9poustouflant Thracian Cliffs sur la c\u00f4te de la Mer Noire, ...<\/p>\n<\/div>\n<\/article><\/div>\n\n<div class=\"gb-grid-column gb-grid-column-6ba754da gb-query-loop-item post-7046 post type-post status-publish format-standard has-post-thumbnail hentry category-aegypten category-destinationen category-specials\"><article class=\"gb-container gb-container-6ba754da\">\n<figure class=\"gb-block-image gb-block-image-50d9cf8b\"><a href=\"https:\/\/www.golfbutler.ch\/fr\/soma-bay-special-2\/\"><img decoding=\"async\" width=\"300\" height=\"225\" src=\"https:\/\/www.golfbutler.ch\/wp-content\/uploads\/2024\/10\/blog-aegypten-soma-bay-special-kempinski-800x600-468-300x225.jpg\" class=\"gb-image-50d9cf8b\" alt=\"\" srcset=\"https:\/\/www.golfbutler.ch\/wp-content\/uploads\/2024\/10\/blog-aegypten-soma-bay-special-kempinski-800x600-468-300x225.jpg 300w, https:\/\/www.golfbutler.ch\/wp-content\/uploads\/2024\/10\/blog-aegypten-soma-bay-special-kempinski-800x600-468-768x576.jpg 768w, https:\/\/www.golfbutler.ch\/wp-content\/uploads\/2024\/10\/blog-aegypten-soma-bay-special-kempinski-800x600-468.jpg 800w\" sizes=\"(max-width: 300px) 100vw, 300px\" \/><\/a><\/figure>\n\n<div class=\"gb-container gb-container-447e558c\"><a class=\"gb-container-link\" href=\"https:\/\/www.golfbutler.ch\/fr\/soma-bay-special-2\/\"><\/a>\n<h3 class=\"gb-headline gb-headline-317e14e7 gb-headline-text\"><a href=\"https:\/\/www.golfbutler.ch\/fr\/soma-bay-special-2\/\">Soma Bay SPECIAL<\/a><\/h3>\n\n<p class=\"gb-headline gb-headline-da929650 gb-headline-text\">\u00c9chappez au froid de l'hiver et gr\u00e2ce \u00e0 notre offre sp\u00e9ciale courte dur\u00e9e en mer Rouge au Kempinski Soma Bay... R\u00e9servez avant le 4 d\u00e9cembre 2024 notre offre imbattable ...<\/p>\n<\/div>\n<\/article><\/div>\n\n<div class=\"gb-grid-column gb-grid-column-6ba754da gb-query-loop-item post-6519 post type-post status-publish format-standard has-post-thumbnail hentry category-destinationen category-schottland category-videos\"><article class=\"gb-container gb-container-6ba754da\">\n<figure class=\"gb-block-image gb-block-image-50d9cf8b\"><a href=\"https:\/\/www.golfbutler.ch\/fr\/carnoustie-golf-links\/\"><img decoding=\"async\" width=\"300\" height=\"225\" src=\"https:\/\/www.golfbutler.ch\/wp-content\/uploads\/2024\/09\/blog-carnoustie-800x600-467-300x225.jpg\" class=\"gb-image-50d9cf8b\" alt=\"\" srcset=\"https:\/\/www.golfbutler.ch\/wp-content\/uploads\/2024\/09\/blog-carnoustie-800x600-467-300x225.jpg 300w, https:\/\/www.golfbutler.ch\/wp-content\/uploads\/2024\/09\/blog-carnoustie-800x600-467-768x576.jpg 768w, https:\/\/www.golfbutler.ch\/wp-content\/uploads\/2024\/09\/blog-carnoustie-800x600-467.jpg 800w\" sizes=\"(max-width: 300px) 100vw, 300px\" \/><\/a><\/figure>\n\n<div class=\"gb-container gb-container-447e558c\"><a class=\"gb-container-link\" href=\"https:\/\/www.golfbutler.ch\/fr\/soma-bay-special-2\/\"><\/a>\n<h3 class=\"gb-headline gb-headline-317e14e7 gb-headline-text\"><a href=\"https:\/\/www.golfbutler.ch\/fr\/carnoustie-golf-links\/\">Carnoustie Golf Links<\/a><\/h3>\n\n<p class=\"gb-headline gb-headline-da929650 gb-headline-text\">D\u00e9couvrez en vid\u00e9o pourquoi Carnoustie fait partie des parcours de golf les plus \"durs\" du monde. Le Carnoustie Golf Links est un parcours l\u00e9gendaire, consid\u00e9r\u00e9 comme l'un des ...<\/p>\n<\/div>\n<\/article><\/div>\n\n<div class=\"gb-grid-column gb-grid-column-6ba754da gb-query-loop-item post-6511 post type-post status-publish format-standard has-post-thumbnail hentry category-destinationen category-irland category-videos\"><article class=\"gb-container gb-container-6ba754da\">\n<figure class=\"gb-block-image gb-block-image-50d9cf8b\"><a href=\"https:\/\/www.golfbutler.ch\/fr\/portmarnock-jamson-golf-links\/\"><img decoding=\"async\" width=\"300\" height=\"225\" src=\"https:\/\/www.golfbutler.ch\/wp-content\/uploads\/2024\/09\/irland-golf-portmarnock-800x600-412-300x225.jpg\" class=\"gb-image-50d9cf8b\" alt=\"\" srcset=\"https:\/\/www.golfbutler.ch\/wp-content\/uploads\/2024\/09\/irland-golf-portmarnock-800x600-412-300x225.jpg 300w, https:\/\/www.golfbutler.ch\/wp-content\/uploads\/2024\/09\/irland-golf-portmarnock-800x600-412-768x576.jpg 768w, https:\/\/www.golfbutler.ch\/wp-content\/uploads\/2024\/09\/irland-golf-portmarnock-800x600-412.jpg 800w\" sizes=\"(max-width: 300px) 100vw, 300px\" \/><\/a><\/figure>\n\n<div class=\"gb-container gb-container-447e558c\"><a class=\"gb-container-link\" href=\"https:\/\/www.golfbutler.ch\/fr\/soma-bay-special-2\/\"><\/a>\n<h3 class=\"gb-headline gb-headline-317e14e7 gb-headline-text\"><a href=\"https:\/\/www.golfbutler.ch\/fr\/portmarnock-jamson-golf-links\/\">Portmarnock Jamson Golf Links<\/a><\/h3>\n\n<p class=\"gb-headline gb-headline-da929650 gb-headline-text\">D\u00e9couvrez l'\u00e9poustouflant Jameson Golf Links au Portmarnock Resort, un v\u00e9ritable joyau sur la c\u00f4te irlandaise. Con\u00e7u par Bernhard Langer, ce parcours Links combine parfaitement ...<\/p>\n<\/div>\n<\/article><\/div>\n\n<div class=\"gb-grid-column gb-grid-column-6ba754da gb-query-loop-item post-6494 post type-post status-publish format-video has-post-thumbnail hentry category-destinationen category-spanien category-videos post_format-post-format-video\"><article class=\"gb-container gb-container-6ba754da\">\n<figure class=\"gb-block-image gb-block-image-50d9cf8b\"><a href=\"https:\/\/www.golfbutler.ch\/fr\/hotel-peralada-wine-spa-golf\/\"><img decoding=\"async\" width=\"300\" height=\"225\" src=\"https:\/\/www.golfbutler.ch\/wp-content\/uploads\/2024\/09\/golf-blog-peralada-800x600-003-300x225.jpg\" class=\"gb-image-50d9cf8b\" alt=\"\" srcset=\"https:\/\/www.golfbutler.ch\/wp-content\/uploads\/2024\/09\/golf-blog-peralada-800x600-003-300x225.jpg 300w, https:\/\/www.golfbutler.ch\/wp-content\/uploads\/2024\/09\/golf-blog-peralada-800x600-003-768x576.jpg 768w, https:\/\/www.golfbutler.ch\/wp-content\/uploads\/2024\/09\/golf-blog-peralada-800x600-003.jpg 800w\" sizes=\"(max-width: 300px) 100vw, 300px\" \/><\/a><\/figure>\n\n<div class=\"gb-container gb-container-447e558c\"><a class=\"gb-container-link\" href=\"https:\/\/www.golfbutler.ch\/fr\/soma-bay-special-2\/\"><\/a>\n<h3 class=\"gb-headline gb-headline-317e14e7 gb-headline-text\"><a href=\"https:\/\/www.golfbutler.ch\/fr\/hotel-peralada-wine-spa-golf\/\">H\u00f4tel Peralada Wine Spa &amp; Golf<\/a><\/h3>\n\n<p class=\"gb-headline gb-headline-da929650 gb-headline-text\">Le Peralada Wine Spa &amp; Golf, nich\u00e9 dans le magnifique paysage de Catalogne, offre aux amateurs de golf une exp\u00e9rience unique. Le parcours de championnat de 18 trous s\u00e9duit par ses fairways pittoresques et ...<\/p>\n<\/div>\n<\/article><\/div>\n\n<div class=\"gb-grid-column gb-grid-column-6ba754da gb-query-loop-item post-6453 post type-post status-publish format-standard has-post-thumbnail hentry category-newsletter category-suedafrika-destinationen\"><article class=\"gb-container gb-container-6ba754da\">\n<figure class=\"gb-block-image gb-block-image-50d9cf8b\"><a href=\"https:\/\/www.golfbutler.ch\/fr\/inspiration-afrique-du-sud-2\/\"><img decoding=\"async\" width=\"300\" height=\"225\" src=\"https:\/\/www.golfbutler.ch\/wp-content\/uploads\/2024\/08\/sudafrika-golf-outeniqua-800x600-304-300x225.jpg\" class=\"gb-image-50d9cf8b\" alt=\"\" srcset=\"https:\/\/www.golfbutler.ch\/wp-content\/uploads\/2024\/08\/sudafrika-golf-outeniqua-800x600-304-300x225.jpg 300w, https:\/\/www.golfbutler.ch\/wp-content\/uploads\/2024\/08\/sudafrika-golf-outeniqua-800x600-304-768x576.jpg 768w, https:\/\/www.golfbutler.ch\/wp-content\/uploads\/2024\/08\/sudafrika-golf-outeniqua-800x600-304.jpg 800w\" sizes=\"(max-width: 300px) 100vw, 300px\" \/><\/a><\/figure>\n\n<div class=\"gb-container gb-container-447e558c\"><a class=\"gb-container-link\" href=\"https:\/\/www.golfbutler.ch\/fr\/soma-bay-special-2\/\"><\/a>\n<h3 class=\"gb-headline gb-headline-317e14e7 gb-headline-text\"><a href=\"https:\/\/www.golfbutler.ch\/fr\/inspiration-afrique-du-sud-2\/\">Inspiration Afrique du Sud<\/a><\/h3>\n\n<p class=\"gb-headline gb-headline-da929650 gb-headline-text\">Pour votre prochain voyage, laissez-vous inspirer par notre newsletter sur l'Afrique du Sud. En mai 2024, nous avons fait deux propositions de voyage tr\u00e8s diff\u00e9rentes. La premi\u00e8re ...<\/p>\n<\/div>\n<\/article><\/div>\n\n<div class=\"gb-grid-column gb-grid-column-6ba754da gb-query-loop-item post-6115 post type-post status-publish format-standard has-post-thumbnail hentry category-destinationen category-newsletter category-asien\"><article class=\"gb-container gb-container-6ba754da\">\n<figure class=\"gb-block-image gb-block-image-50d9cf8b\"><a href=\"https:\/\/www.golfbutler.ch\/fr\/inspiration-afrique-du-sud\/\"><img decoding=\"async\" width=\"300\" height=\"225\" src=\"https:\/\/www.golfbutler.ch\/wp-content\/uploads\/2024\/09\/kambodscha-golf-urlaub-800x600-164-1-300x225.jpg\" class=\"gb-image-50d9cf8b\" alt=\"\" srcset=\"https:\/\/www.golfbutler.ch\/wp-content\/uploads\/2024\/09\/kambodscha-golf-urlaub-800x600-164-1-300x225.jpg 300w, https:\/\/www.golfbutler.ch\/wp-content\/uploads\/2024\/09\/kambodscha-golf-urlaub-800x600-164-1-768x576.jpg 768w, https:\/\/www.golfbutler.ch\/wp-content\/uploads\/2024\/09\/kambodscha-golf-urlaub-800x600-164-1.jpg 800w\" sizes=\"(max-width: 300px) 100vw, 300px\" \/><\/a><\/figure>\n\n<div class=\"gb-container gb-container-447e558c\"><a class=\"gb-container-link\" href=\"https:\/\/www.golfbutler.ch\/fr\/soma-bay-special-2\/\"><\/a>\n<h3 class=\"gb-headline gb-headline-317e14e7 gb-headline-text\"><a href=\"https:\/\/www.golfbutler.ch\/fr\/inspiration-afrique-du-sud\/\">Asie : un monde de magie<\/a><\/h3>\n\n<p class=\"gb-headline gb-headline-da929650 gb-headline-text\">D\u00e9couvrez notre newsletter sur l'Asie du Sud-Est. En juillet 24, notre th\u00e8me \u00e9tait l'Asie du Sud-Est. D\u00e9couvrez nos deux voyages d'inspiration tr\u00e8s diff\u00e9rents de deux semaines chacun. Vers le ...<\/p>\n<\/div>\n<\/article><\/div>\n<\/div>\n\n<div class=\"gb-container gb-container-600eb23a gb-query-loop-pagination\">\n\n\n\n\n\n<\/div>\n\n<\/div>\n<\/div>","protected":false},"excerpt":{"rendered":"<p>Enjoy&#8230; Hier sind News, Spezialangebote, Videos von Golfpl\u00e4tzen, Resorts, Hotels und sonstige Highlights sowie Infos \u00fcber The Golf Butler zu finden&#8230; st\u00f6bern Sie rum.<\/p>","protected":false},"author":1,"featured_media":7142,"parent":0,"menu_order":0,"comment_status":"closed","ping_status":"closed","template":"","meta":{"_acf_changed":false,"_seopress_robots_primary_cat":"","_seopress_titles_title":"","_seopress_titles_desc":"","_seopress_robots_index":"","_seopress_analysis_target_kw":"","footnotes":""},"class_list":["post-6466","page","type-page","status-publish","has-post-thumbnail"],"acf":[],"_links":{"self":[{"href":"https:\/\/www.golfbutler.ch\/fr\/wp-json\/wp\/v2\/pages\/6466","targetHints":{"allow":["GET"]}}],"collection":[{"href":"https:\/\/www.golfbutler.ch\/fr\/wp-json\/wp\/v2\/pages"}],"about":[{"href":"https:\/\/www.golfbutler.ch\/fr\/wp-json\/wp\/v2\/types\/page"}],"author":[{"embeddable":true,"href":"https:\/\/www.golfbutler.ch\/fr\/wp-json\/wp\/v2\/users\/1"}],"replies":[{"embeddable":true,"href":"https:\/\/www.golfbutler.ch\/fr\/wp-json\/wp\/v2\/comments?post=6466"}],"version-history":[{"count":29,"href":"https:\/\/www.golfbutler.ch\/fr\/wp-json\/wp\/v2\/pages\/6466\/revisions"}],"predecessor-version":[{"id":7060,"href":"https:\/\/www.golfbutler.ch\/fr\/wp-json\/wp\/v2\/pages\/6466\/revisions\/7060"}],"wp:featuredmedia":[{"embeddable":true,"href":"https:\/\/www.golfbutler.ch\/fr\/wp-json\/wp\/v2\/media\/7142"}],"wp:attachment":[{"href":"https:\/\/www.golfbutler.ch\/fr\/wp-json\/wp\/v2\/media?parent=6466"}],"curies":[{"name":"wp","href":"https:\/\/api.w.org\/{rel}","templated":true}]}}